{"id":74027,"date":"2020-08-26T10:34:55","date_gmt":"2020-08-26T10:34:55","guid":{"rendered":"http:\/\/www.bottegagastronomica.it\/?page_id=74027"},"modified":"2025-09-04T08:01:09","modified_gmt":"2025-09-04T06:01:09","slug":"locations-2","status":"publish","type":"page","link":"https:\/\/www.bottegagastronomica.it\/de\/locations-2\/","title":{"rendered":"Location Matrimoni Reggio Emilia"},"content":{"rendered":"<p>[et_pb_section fb_built=&#8221;1&#8243; admin_label=&#8221;Footer&#8221; _builder_version=&#8221;4.16&#8243; background_color=&#8221;#f3f3f1&#8243; background_enable_image=&#8221;off&#8221; locked=&#8221;off&#8221; global_colors_info=&#8221;{}&#8221; theme_builder_area=&#8221;post_content&#8221;][et_pb_row column_structure=&#8221;2_5,3_5&#8243; _builder_version=&#8221;4.16&#8243; width=&#8221;100%&#8221; hover_enabled=&#8221;0&#8243; global_colors_info=&#8221;{}&#8221; custom_css_main_element__hover_enabled=&#8221;on|desktop&#8221; theme_builder_area=&#8221;post_content&#8221; sticky_enabled=&#8221;0&#8243;][et_pb_column type=&#8221;2_5&#8243; _builder_version=&#8221;4.16&#8243; custom_css_main_element=&#8221;h1 {white-space: nowrap;}&#8221; global_colors_info=&#8221;{}&#8221; theme_builder_area=&#8221;post_content&#8221;][et_pb_divider show_divider=&#8221;off&#8221; disabled_on=&#8221;on|on|off&#8221; _builder_version=&#8221;4.16&#8243; _module_preset=&#8221;default&#8221; custom_padding=&#8221;||60px|||&#8221; global_colors_info=&#8221;{}&#8221; theme_builder_area=&#8221;post_content&#8221;][\/et_pb_divider][et_pb_text _builder_version=&#8221;4.23.1&#8243; _module_preset=&#8221;default&#8221; header_font_size=&#8221;3.2em&#8221; header_2_font=&#8221;Merriweather Sans||||||||&#8221; header_2_font_size=&#8221;4.2em&#8221; hover_enabled=&#8221;0&#8243; header_font_size_tablet=&#8221;2.8em&#8221; header_font_size_phone=&#8221;2em&#8221; header_font_size_last_edited=&#8221;on|tablet&#8221; global_colors_info=&#8221;{}&#8221; theme_builder_area=&#8221;post_content&#8221; sticky_enabled=&#8221;0&#8243;]<\/p>\n<h1 style=\"text-align: center;\">LOCATION PER<\/h1>\n<h1 style=\"text-align: center;\">MATRIMONI<\/h1>\n<p>[\/et_pb_text][\/et_pb_column][et_pb_column type=&#8221;3_5&#8243; _builder_version=&#8221;4.16&#8243; background_color=&#8221;#ffffff&#8221; custom_padding=&#8221;80px|60px|80px|60px|true|true&#8221; custom_padding_tablet=&#8221;50px|30px|50px|30px|true|true&#8221; custom_padding_phone=&#8221;30px|20px|30px|20px|true|true&#8221; custom_padding_last_edited=&#8221;on|tablet&#8221; global_colors_info=&#8221;{}&#8221; theme_builder_area=&#8221;post_content&#8221;][et_pb_text _builder_version=&#8221;4.16&#8243; _module_preset=&#8221;default&#8221; text_orientation=&#8221;justified&#8221; global_colors_info=&#8221;{}&#8221; theme_builder_area=&#8221;post_content&#8221;]La scelta della location \u00e8 il primo passo e per trovare quella giusta \u00e8 importante affidarsi a persone del mestiere. Ecco perch\u00e8 abbiamo selezionato per Voi gli spazi pi\u00f9 esclusivi, scenari capaci di stupirVi e allo stesso tempo farVi sentire a vostro agio.<br \/>\nVille sul lago o immerse nel verde, fortezze storiche, castelli principeschi, cascine rustiche, con piscina\u2026ce n\u2019\u00e8 per tutti i gusti bisogna solo scegliere!<br \/>\nSe i vostri ospiti vengono da lontano potremo consigliarVi le migliori strutture adatte anche per il pernottamento.<br \/>\nVi accompagneremo a visitarle, facendovi scoprire tutti gli angoli pi\u00f9 suggestivi e fornendovi tutte le informazioni necessarie per lo svolgimento del servizio.[\/et_pb_text][\/et_pb_column][\/et_pb_row][\/et_pb_section][et_pb_section fb_built=&#8221;1&#8243; _builder_version=&#8221;4.16&#8243; _module_preset=&#8221;default&#8221; background_color=&#8221;rgba(0,0,0,0)&#8221; global_colors_info=&#8221;{}&#8221; theme_builder_area=&#8221;post_content&#8221;][et_pb_row _builder_version=&#8221;4.16&#8243; _module_preset=&#8221;default&#8221; width=&#8221;100%&#8221; global_colors_info=&#8221;{}&#8221; theme_builder_area=&#8221;post_content&#8221;][et_pb_column type=&#8221;4_4&#8243; _builder_version=&#8221;4.16&#8243; _module_preset=&#8221;default&#8221; global_colors_info=&#8221;{}&#8221; theme_builder_area=&#8221;post_content&#8221;][et_pb_blog fullwidth=&#8221;off&#8221; posts_number=&#8221;30&#8243; include_categories=&#8221;47&#8243; use_manual_excerpt=&#8221;off&#8221; show_author=&#8221;off&#8221; show_date=&#8221;off&#8221; show_categories=&#8221;off&#8221; show_excerpt=&#8221;off&#8221; show_pagination=&#8221;off&#8221; _builder_version=&#8221;4.16&#8243; _module_preset=&#8221;default&#8221; custom_css_title=&#8221;min-height:45px;&#8221; border_width_all=&#8221;6px&#8221; border_color_all=&#8221;#ffffff&#8221; box_shadow_style=&#8221;preset1&#8243; box_shadow_color=&#8221;rgba(0,0,0,0.12)&#8221; global_colors_info=&#8221;{}&#8221; box_shadow_color__hover_enabled=&#8221;on|hover&#8221; box_shadow_color__hover=&#8221;rgba(0,0,0,0.31)&#8221; theme_builder_area=&#8221;post_content&#8221;][\/et_pb_blog][\/et_pb_column][\/et_pb_row][\/et_pb_section]<\/p>\n","protected":false},"excerpt":{"rendered":"<p>LOCATION PER MATRIMONILa scelta della location \u00e8 il primo passo e per trovare quella giusta \u00e8 importante affidarsi a persone del mestiere. Ecco perch\u00e8 abbiamo selezionato per Voi gli spazi pi\u00f9 esclusivi, scenari capaci di stupirVi e allo stesso tempo farVi sentire a vostro agio. Ville sul lago o immerse nel verde, fortezze storiche, castelli [&hellip;]<\/p>\n","protected":false},"author":21,"featured_media":0,"parent":0,"menu_order":0,"comment_status":"closed","ping_status":"closed","template":"","meta":{"_et_pb_use_builder":"on","_et_pb_old_content":"","_et_gb_content_width":"","wp_mapbox_gl_js_media":[],"footnotes":""},"class_list":["post-74027","page","type-page","status-publish","hentry"],"_links":{"self":[{"href":"https:\/\/www.bottegagastronomica.it\/de\/wp-json\/wp\/v2\/pages\/74027","targetHints":{"allow":["GET"]}}],"collection":[{"href":"https:\/\/www.bottegagastronomica.it\/de\/wp-json\/wp\/v2\/pages"}],"about":[{"href":"https:\/\/www.bottegagastronomica.it\/de\/wp-json\/wp\/v2\/types\/page"}],"author":[{"embeddable":true,"href":"https:\/\/www.bottegagastronomica.it\/de\/wp-json\/wp\/v2\/users\/21"}],"replies":[{"embeddable":true,"href":"https:\/\/www.bottegagastronomica.it\/de\/wp-json\/wp\/v2\/comments?post=74027"}],"version-history":[{"count":20,"href":"https:\/\/www.bottegagastronomica.it\/de\/wp-json\/wp\/v2\/pages\/74027\/revisions"}],"predecessor-version":[{"id":75971,"href":"https:\/\/www.bottegagastronomica.it\/de\/wp-json\/wp\/v2\/pages\/74027\/revisions\/75971"}],"wp:attachment":[{"href":"https:\/\/www.bottegagastronomica.it\/de\/wp-json\/wp\/v2\/media?parent=74027"}],"curies":[{"name":"wp","href":"https:\/\/api.w.org\/{rel}","templated":true}]}}