{"id":74166,"date":"2020-10-14T08:42:00","date_gmt":"2020-10-14T08:42:00","guid":{"rendered":"http:\/\/www.bottegagastronomica.it\/?page_id=74166"},"modified":"2025-08-22T15:14:32","modified_gmt":"2025-08-22T13:14:32","slug":"catering","status":"publish","type":"page","link":"https:\/\/www.bottegagastronomica.it\/en\/catering\/","title":{"rendered":"Catering per Matrimoni"},"content":{"rendered":"<p>[et_pb_section fb_built=&#8221;1&#8243; admin_label=&#8221;Footer&#8221; _builder_version=&#8221;4.16&#8243; background_color=&#8221;#f3f3f1&#8243; background_enable_image=&#8221;off&#8221; custom_margin=&#8221;0px||||false|false&#8221; custom_padding=&#8221;0px||||false|false&#8221; locked=&#8221;off&#8221; global_colors_info=&#8221;{}&#8221; theme_builder_area=&#8221;post_content&#8221;][et_pb_row column_structure=&#8221;1_2,1_2&#8243; use_custom_gutter=&#8221;on&#8221; gutter_width=&#8221;2&#8243; _builder_version=&#8221;4.16&#8243; width=&#8221;100%&#8221; global_colors_info=&#8221;{}&#8221; custom_css_main_element__hover_enabled=&#8221;on|desktop&#8221; theme_builder_area=&#8221;post_content&#8221;][et_pb_column type=&#8221;1_2&#8243; _builder_version=&#8221;4.16&#8243; custom_css_main_element=&#8221;h1 {white-space: nowrap;}&#8221; global_colors_info=&#8221;{}&#8221; theme_builder_area=&#8221;post_content&#8221;][et_pb_text _builder_version=&#8221;4.23.1&#8243; _module_preset=&#8221;default&#8221; header_font_size=&#8221;3.2em&#8221; header_2_font=&#8221;Merriweather Sans||||||||&#8221; header_2_font_size=&#8221;4.2em&#8221; header_font_size_tablet=&#8221;2.8em&#8221; header_font_size_phone=&#8221;2em&#8221; header_font_size_last_edited=&#8221;on|phone&#8221; global_colors_info=&#8221;{}&#8221; theme_builder_area=&#8221;post_content&#8221;]<\/p>\n<h1 style=\"text-align: center;\">CATERING<\/h1>\n<h1 style=\"text-align: center;\">PER RICEVIMENTI<\/h1>\n<p>[\/et_pb_text][et_pb_text _builder_version=&#8221;4.16&#8243; _module_preset=&#8221;default&#8221; header_4_font_size=&#8221;2em&#8221; text_orientation=&#8221;justified&#8221; header_4_font_size_tablet=&#8221;1.6em&#8221; header_4_font_size_phone=&#8221;1.4em&#8221; header_4_font_size_last_edited=&#8221;on|phone&#8221; global_colors_info=&#8221;{}&#8221; theme_builder_area=&#8221;post_content&#8221;]<\/p>\n<h4>40 anni di esperienza<\/h4>\n<p>Bottega Gastronomica \u00e8 un catering di Reggio Emilia che apre le porte alla <em>\u201cristorazione mobile\u201d<\/em>\u00a0su tutto il territorio Reggiano.<\/p>\n<p>Siamo specializzati in catering per matrimoni, feste ed eventi aziendali.<\/p>\n<p>[\/et_pb_text][et_pb_button button_url=&#8221;mailto:eventi@bottegagastronomica.it&#8221; button_text=&#8221;Richiedi consulenza&#8221; _builder_version=&#8221;4.16&#8243; _module_preset=&#8221;default&#8221; global_colors_info=&#8221;{}&#8221; theme_builder_area=&#8221;post_content&#8221;][\/et_pb_button][\/et_pb_column][et_pb_column type=&#8221;1_2&#8243; _builder_version=&#8221;4.16&#8243; background_color=&#8221;rgba(0,0,0,0)&#8221; custom_padding_last_edited=&#8221;off|phone&#8221; global_colors_info=&#8221;{}&#8221; theme_builder_area=&#8221;post_content&#8221;][et_pb_gallery gallery_ids=&#8221;74539,74735,74618&#8243; fullwidth=&#8221;on&#8221; _builder_version=&#8221;4.16&#8243; _module_preset=&#8221;default&#8221; auto=&#8221;on&#8221; auto_speed=&#8221;3500&#8243; global_colors_info=&#8221;{}&#8221; theme_builder_area=&#8221;post_content&#8221;][\/et_pb_gallery][\/et_pb_column][\/et_pb_row][\/et_pb_section][et_pb_section fb_built=&#8221;1&#8243; _builder_version=&#8221;4.16&#8243; _module_preset=&#8221;default&#8221; background_color=&#8221;rgba(0,0,0,0)&#8221; global_colors_info=&#8221;{}&#8221; theme_builder_area=&#8221;post_content&#8221;][et_pb_row column_structure=&#8221;1_2,1_2&#8243; use_custom_gutter=&#8221;on&#8221; gutter_width=&#8221;2&#8243; _builder_version=&#8221;4.16&#8243; _module_preset=&#8221;default&#8221; width=&#8221;100%&#8221; global_colors_info=&#8221;{}&#8221; theme_builder_area=&#8221;post_content&#8221;][et_pb_column type=&#8221;1_2&#8243; _builder_version=&#8221;4.16&#8243; _module_preset=&#8221;default&#8221; global_colors_info=&#8221;{}&#8221; theme_builder_area=&#8221;post_content&#8221;][et_pb_image src=&#8221;https:\/\/www.bottegagastronomica.it\/wp-content\/uploads\/2020\/11\/tradizione.jpg&#8221; title_text=&#8221;tradizione&#8221; _builder_version=&#8221;4.16&#8243; _module_preset=&#8221;default&#8221; global_colors_info=&#8221;{}&#8221; theme_builder_area=&#8221;post_content&#8221;][\/et_pb_image][et_pb_text _builder_version=&#8221;4.16&#8243; _module_preset=&#8221;default&#8221; header_3_font_size=&#8221;2.6em&#8221; header_4_font_size=&#8221;2em&#8221; text_orientation=&#8221;justified&#8221; header_3_font_size_tablet=&#8221;2.2em&#8221; header_3_font_size_phone=&#8221;2em&#8221; header_3_font_size_last_edited=&#8221;on|phone&#8221; header_4_font_size_tablet=&#8221;1.6em&#8221; header_4_font_size_phone=&#8221;1.4em&#8221; header_4_font_size_last_edited=&#8221;on|phone&#8221; global_colors_info=&#8221;{}&#8221; theme_builder_area=&#8221;post_content&#8221;]<\/p>\n<h3>Cucina Tradizionale<\/h3>\n<p>Fondiamo il nostro credo sul rispetto della tradizione, sulla cultura culinaria che ci caratterizza e sulla qualit\u00e0 delle materie prime della nostra terra. Siamo alla ricerca costante di materie prime locali, piatti tipici del nostro territorio e il mantenimento della nostra cultura gastronomica. Dalla creazione dei classici: tortelli verdi, di zucca, dell\u2019erbazzone reggiano, del cappelletto in brodo, della lasagna fino ai secondi di qualit\u00e0 come la bianca Romagnola (razza bovina), gli arrosti, e il maiale.<\/p>\n<p>[\/et_pb_text][\/et_pb_column][et_pb_column type=&#8221;1_2&#8243; _builder_version=&#8221;4.16&#8243; _module_preset=&#8221;default&#8221; global_colors_info=&#8221;{}&#8221; theme_builder_area=&#8221;post_content&#8221;][et_pb_image src=&#8221;https:\/\/www.bottegagastronomica.it\/wp-content\/uploads\/2020\/11\/innovazione.jpg&#8221; title_text=&#8221;innovazione&#8221; _builder_version=&#8221;4.16&#8243; _module_preset=&#8221;default&#8221; global_colors_info=&#8221;{}&#8221; theme_builder_area=&#8221;post_content&#8221;][\/et_pb_image][et_pb_text _builder_version=&#8221;4.16&#8243; _module_preset=&#8221;default&#8221; header_3_font_size=&#8221;2.6em&#8221; header_4_font_size=&#8221;2em&#8221; text_orientation=&#8221;justified&#8221; header_3_font_size_tablet=&#8221;2.2em&#8221; header_3_font_size_phone=&#8221;2em&#8221; header_3_font_size_last_edited=&#8221;on|phone&#8221; header_4_font_size_tablet=&#8221;1.6em&#8221; header_4_font_size_phone=&#8221;1.4em&#8221; header_4_font_size_last_edited=&#8221;on|phone&#8221; global_colors_info=&#8221;{}&#8221; theme_builder_area=&#8221;post_content&#8221;]<\/p>\n<h3>Cucina Innovativa<\/h3>\n<p>Cucina asiatica, cucina di pesce crudo, finger food e qualsiasi altro cibo soddisfi il tuo palato. Il cibo creativo e non convenzionale \u00e8 tra le nuove tendenze del catering. L\u2019arte culinaria diventa anche arte visiva, con piatti che sembrano opere d&#8217;arte e creativit\u00e0 in ogni dettaglio, anche nella mise en place. Il catering innovativo \u00e8 la risposta per chi desidera un ricevimento diverso dagli altri senza per\u00f2 rinunciare al gusto e a un pizzico di poesia.<\/p>\n<p>[\/et_pb_text][\/et_pb_column][\/et_pb_row][et_pb_row custom_padding_last_edited=&#8221;on|phone&#8221; _builder_version=&#8221;4.16&#8243; _module_preset=&#8221;default&#8221; background_color=&#8221;#ffffff&#8221; width=&#8221;100%&#8221; width_tablet=&#8221;100%&#8221; width_phone=&#8221;&#8221; width_last_edited=&#8221;on|phone&#8221; custom_padding=&#8221;7%|5%|7%|5%|true|true&#8221; custom_padding_tablet=&#8221;7%|5%|7%|5%|true|true&#8221; custom_padding_phone=&#8221;|5%||5%|true|true&#8221; global_colors_info=&#8221;{}&#8221; theme_builder_area=&#8221;post_content&#8221;][et_pb_column type=&#8221;4_4&#8243; _builder_version=&#8221;4.16&#8243; _module_preset=&#8221;default&#8221; global_colors_info=&#8221;{}&#8221; theme_builder_area=&#8221;post_content&#8221;][et_pb_text _builder_version=&#8221;4.16&#8243; _module_preset=&#8221;default&#8221; header_4_font_size=&#8221;2em&#8221; text_orientation=&#8221;justified&#8221; header_4_font_size_tablet=&#8221;1.6em&#8221; header_4_font_size_phone=&#8221;1.4em&#8221; header_4_font_size_last_edited=&#8221;on|phone&#8221; text_orientation_tablet=&#8221;justified&#8221; text_orientation_phone=&#8221;&#8221; text_orientation_last_edited=&#8221;on|phone&#8221; global_colors_info=&#8221;{}&#8221; theme_builder_area=&#8221;post_content&#8221;]<\/p>\n<h4>Ti accompagniamo nella scelta<\/h4>\n<p>La Bottega Gastronomica accompagna i propri clienti dalla realizzazione di tutto l\u2019evento, curandone la scelta del menu, la ricerca della location pi\u00f9 adatta, la realizzazione di mise en place personalizzate, la ricerca di fornitori competenti, la scelta per un percorso enogastronomico personalizzato fino al grande giorno dove saranno presenti e operativi le squadre migliori da noi selezionate. La Bottega Gastronomica vi ascolta e vi consiglia al meglio per poter personalizzare ogni aspetto del vostro evento.<\/p>\n<p>[\/et_pb_text][et_pb_text _builder_version=&#8221;4.16&#8243; _module_preset=&#8221;default&#8221; header_4_font_size=&#8221;2em&#8221; text_orientation=&#8221;justified&#8221; header_4_font_size_tablet=&#8221;1.6em&#8221; header_4_font_size_phone=&#8221;1.4em&#8221; header_4_font_size_last_edited=&#8221;on|phone&#8221; text_orientation_tablet=&#8221;justified&#8221; text_orientation_phone=&#8221;&#8221; text_orientation_last_edited=&#8221;on|phone&#8221; global_colors_info=&#8221;{}&#8221; theme_builder_area=&#8221;post_content&#8221;]<\/p>\n<h4>Servizio<\/h4>\n<p>Lo staff della Bottega Gastronomica \u00e8 altamente qualificato sia nello svolgimento del servizio sia nella disponibilit\u00e0 verso il cliente. Ogni brigata \u00e8 formata da differenti chef, un capo servizio (ma\u00eetre) per coordinare i camerieri e le tempistiche, diversi camerieri professionisti ed un responsabile che gestisce in toto l\u2019evento dall\u2019inizio alla fine.<\/p>\n<p>[\/et_pb_text][\/et_pb_column][\/et_pb_row][et_pb_row column_structure=&#8221;1_2,1_2&#8243; use_custom_gutter=&#8221;on&#8221; gutter_width=&#8221;2&#8243; _builder_version=&#8221;4.16&#8243; _module_preset=&#8221;default&#8221; width=&#8221;100%&#8221; global_colors_info=&#8221;{}&#8221; theme_builder_area=&#8221;post_content&#8221;][et_pb_column type=&#8221;1_2&#8243; _builder_version=&#8221;4.16&#8243; _module_preset=&#8221;default&#8221; global_colors_info=&#8221;{}&#8221; theme_builder_area=&#8221;post_content&#8221;][et_pb_image src=&#8221;https:\/\/www.bottegagastronomica.it\/wp-content\/uploads\/2020\/11\/sul-posto.jpg&#8221; title_text=&#8221;sul-posto&#8221; _builder_version=&#8221;4.16&#8243; _module_preset=&#8221;default&#8221; global_colors_info=&#8221;{}&#8221; theme_builder_area=&#8221;post_content&#8221;][\/et_pb_image][et_pb_text _builder_version=&#8221;4.16&#8243; _module_preset=&#8221;default&#8221; header_3_font_size=&#8221;2.6em&#8221; header_4_font_size=&#8221;2em&#8221; text_orientation=&#8221;justified&#8221; header_3_font_size_tablet=&#8221;2.2em&#8221; header_3_font_size_phone=&#8221;2em&#8221; header_3_font_size_last_edited=&#8221;on|phone&#8221; header_4_font_size_tablet=&#8221;1.6em&#8221; header_4_font_size_phone=&#8221;1.4em&#8221; header_4_font_size_last_edited=&#8221;on|phone&#8221; global_colors_info=&#8221;{}&#8221; theme_builder_area=&#8221;post_content&#8221;]<\/p>\n<h4>Preparato sul posto<\/h4>\n<p><span>La Bottega Gastronomica offre ai propri clienti una cucina espressa in location per mantenere alta la qualit\u00e0 delle materie prime e per offrire agli ospiti uno show cooking in differenti momenti dell\u2019evento. Soltanto in questo modo la portata potr\u00e0 rimanere di alta qualit\u00e0 al gusto e alla vista. Ogni pietanza che propone viene realizzata a mano dagli chef che ne personalizzano aspetto e ricerca.<\/span>[\/et_pb_text][\/et_pb_column][et_pb_column type=&#8221;1_2&#8243; _builder_version=&#8221;4.16&#8243; _module_preset=&#8221;default&#8221; global_colors_info=&#8221;{}&#8221; theme_builder_area=&#8221;post_content&#8221;][et_pb_image src=&#8221;https:\/\/www.bottegagastronomica.it\/wp-content\/uploads\/2020\/11\/beverage.jpg&#8221; title_text=&#8221;beverage&#8221; _builder_version=&#8221;4.16&#8243; _module_preset=&#8221;default&#8221; global_colors_info=&#8221;{}&#8221; theme_builder_area=&#8221;post_content&#8221;][\/et_pb_image][et_pb_text _builder_version=&#8221;4.16&#8243; _module_preset=&#8221;default&#8221; header_3_font_size=&#8221;2.6em&#8221; header_4_font_size=&#8221;2em&#8221; text_orientation=&#8221;justified&#8221; header_3_font_size_tablet=&#8221;2.2em&#8221; header_3_font_size_phone=&#8221;2em&#8221; header_3_font_size_last_edited=&#8221;on|phone&#8221; header_4_font_size_tablet=&#8221;1.6em&#8221; header_4_font_size_phone=&#8221;1.4em&#8221; header_4_font_size_last_edited=&#8221;on|phone&#8221; global_colors_info=&#8221;{}&#8221; theme_builder_area=&#8221;post_content&#8221;]<\/p>\n<h4>Beverage<\/h4>\n<p>La Bottega Gastronomica permette al cliente di poter scegliere un\u2019ampia cantina di vini con la consulenza della sua sommelier interna. Oltre al vino \u00e8 possibile scegliere altri tipi di bevande quali cocktail, sia alcolici che analcolici, e bibite di ogni tipo. Inoltre \u00e8 possibile aggiungere alle proposte dei servizi extra tra cui: il servizio barman, l&#8217;angolo del rum, sigari e cioccolato ed il servizio birra.<\/p>\n<p>[\/et_pb_text][\/et_pb_column][\/et_pb_row][et_pb_row custom_padding_last_edited=&#8221;on|phone&#8221; _builder_version=&#8221;4.16&#8243; _module_preset=&#8221;default&#8221; background_color=&#8221;#ffffff&#8221; width=&#8221;100%&#8221; width_tablet=&#8221;100%&#8221; width_phone=&#8221;&#8221; width_last_edited=&#8221;on|phone&#8221; custom_padding=&#8221;7%|5%|7%|5%|true|true&#8221; custom_padding_tablet=&#8221;7%|5%|7%|5%|true|true&#8221; custom_padding_phone=&#8221;|5%||5%|true|true&#8221; global_colors_info=&#8221;{}&#8221; theme_builder_area=&#8221;post_content&#8221;][et_pb_column type=&#8221;4_4&#8243; _builder_version=&#8221;4.16&#8243; _module_preset=&#8221;default&#8221; global_colors_info=&#8221;{}&#8221; theme_builder_area=&#8221;post_content&#8221;][et_pb_text _builder_version=&#8221;4.16&#8243; _module_preset=&#8221;default&#8221; header_4_font_size=&#8221;2em&#8221; text_orientation=&#8221;justified&#8221; header_4_font_size_tablet=&#8221;1.6em&#8221; header_4_font_size_phone=&#8221;1.4em&#8221; header_4_font_size_last_edited=&#8221;on|phone&#8221; text_orientation_tablet=&#8221;justified&#8221; text_orientation_phone=&#8221;&#8221; text_orientation_last_edited=&#8221;on|phone&#8221; global_colors_info=&#8221;{}&#8221; theme_builder_area=&#8221;post_content&#8221;]<\/p>\n<h4>Mise en place<\/h4>\n<p>La Bottega offre ai suoi clienti la possibilit\u00e0 di una vasta scelta di allestimenti per creare un ambiente che rispecchi perfettamente ogni personalit\u00e0. Dalle tavole pi\u00f9 classiche ed eleganti fino alle tavole al passo con i tempi mettendo a disposizione un piccolo showroom per poter toccare con mano gli allestimenti disponibili. Qualit\u00e0 e design si uniscono per realizzare la propria apparecchiata dei sogni.<\/p>\n<p>[\/et_pb_text][et_pb_button button_url=&#8221;mailto:eventi@bottegagastronomica.it&#8221; button_text=&#8221;Richiedi consulenza&#8221; _builder_version=&#8221;4.16&#8243; _module_preset=&#8221;default&#8221; global_colors_info=&#8221;{}&#8221; theme_builder_area=&#8221;post_content&#8221;][\/et_pb_button][\/et_pb_column][\/et_pb_row][et_pb_row column_structure=&#8221;1_3,1_3,1_3&#8243; use_custom_gutter=&#8221;on&#8221; gutter_width=&#8221;2&#8243; _builder_version=&#8221;4.16&#8243; _module_preset=&#8221;default&#8221; width=&#8221;100%&#8221; global_colors_info=&#8221;{}&#8221; theme_builder_area=&#8221;post_content&#8221;][et_pb_column type=&#8221;1_3&#8243; _builder_version=&#8221;4.16&#8243; _module_preset=&#8221;default&#8221; global_colors_info=&#8221;{}&#8221; theme_builder_area=&#8221;post_content&#8221;][et_pb_image src=&#8221;https:\/\/www.bottegagastronomica.it\/wp-content\/uploads\/2020\/11\/show-cooking.jpg&#8221; title_text=&#8221;show-cooking&#8221; _builder_version=&#8221;4.16&#8243; _module_preset=&#8221;default&#8221; global_colors_info=&#8221;{}&#8221; theme_builder_area=&#8221;post_content&#8221;][\/et_pb_image][et_pb_text _builder_version=&#8221;4.16&#8243; _module_preset=&#8221;default&#8221; header_3_font_size=&#8221;2.6em&#8221; header_4_font_size=&#8221;2em&#8221; text_orientation=&#8221;justified&#8221; header_3_font_size_tablet=&#8221;2.2em&#8221; header_3_font_size_phone=&#8221;2em&#8221; header_3_font_size_last_edited=&#8221;on|phone&#8221; header_4_font_size_tablet=&#8221;1.6em&#8221; header_4_font_size_phone=&#8221;1.4em&#8221; header_4_font_size_last_edited=&#8221;on|phone&#8221; global_colors_info=&#8221;{}&#8221; theme_builder_area=&#8221;post_content&#8221;]<\/p>\n<h4>Show Cooking<\/h4>\n<p>Durante l\u2019evento ogni chef sar\u00e0 presente dietro le postazioni per creare sul momento le portate scelte. I nostri cavalli di battaglia sono: le isole in bella vista con l\u2019operatore che cucina al momento durante il buffet dell\u2019aperitivo e durante il servizio delle carni dove queste vengono terminate di cottura con taglio in bella vista alla fiamma davanti ai commensali. Uno spettacolo di forte impatto scenografico ma soprattutto sinonimo di freschezza e autenticit\u00e0 di tutti i prodotti e le materie prime utilizzate che coinvolger\u00e0 piacevolmente tutti i presenti facendogli vivere un\u2019esperienza davvero unica.<\/p>\n<p>[\/et_pb_text][\/et_pb_column][et_pb_column type=&#8221;1_3&#8243; _builder_version=&#8221;4.16&#8243; _module_preset=&#8221;default&#8221; global_colors_info=&#8221;{}&#8221; theme_builder_area=&#8221;post_content&#8221;][et_pb_image src=&#8221;https:\/\/www.bottegagastronomica.it\/wp-content\/uploads\/2020\/11\/intolleranze.jpg&#8221; title_text=&#8221;intolleranze&#8221; _builder_version=&#8221;4.16&#8243; _module_preset=&#8221;default&#8221; global_colors_info=&#8221;{}&#8221; theme_builder_area=&#8221;post_content&#8221;][\/et_pb_image][et_pb_text _builder_version=&#8221;4.27.4&#8243; _module_preset=&#8221;default&#8221; header_3_font_size=&#8221;2.6em&#8221; header_4_font_size=&#8221;2em&#8221; text_orientation=&#8221;justified&#8221; hover_enabled=&#8221;0&#8243; header_3_font_size_tablet=&#8221;2.2em&#8221; header_3_font_size_phone=&#8221;2em&#8221; header_3_font_size_last_edited=&#8221;on|phone&#8221; header_4_font_size_tablet=&#8221;1.6em&#8221; header_4_font_size_phone=&#8221;1.4em&#8221; header_4_font_size_last_edited=&#8221;on|phone&#8221; global_colors_info=&#8221;{}&#8221; theme_builder_area=&#8221;post_content&#8221; sticky_enabled=&#8221;0&#8243;]<\/p>\n<h4>Intolleranze<\/h4>\n<p>La Bottega Gastronomica mette a disposizione, su ogni evento, uno chef dedicato alla gestione di tutte le intolleranze e allergie presenti tra gli ospiti. Una cucina attenta permette a Bottega di sostenere differenti men\u00f9, il pi\u00f9 vicino possibile alla scelta principale. La cura dei men\u00f9 \u00e8 importante per far sentire tutti gli ospiti unici ma non diversi. La Bottega collabora anche con laboratori specifici del territorio per le allergie pi\u00f9 importanti e delicate nel rispetto delle norme e per far sentire l\u2019invitato sicuro per tutto l\u2019evento. In caso di necessit\u00e0, \u00e8 possibile consultare il nostro <a href=\"https:\/\/www.bottegagastronomica.it\/allergeni\" target=\"_blank\" rel=\"noopener\" title=\"Libro Unico degli Allergeni\">Libro Unico degli Allergeni<\/a>.<\/p>\n<p>[\/et_pb_text][\/et_pb_column][et_pb_column type=&#8221;1_3&#8243; _builder_version=&#8221;4.16&#8243; _module_preset=&#8221;default&#8221; global_colors_info=&#8221;{}&#8221; theme_builder_area=&#8221;post_content&#8221;][et_pb_image src=&#8221;https:\/\/www.bottegagastronomica.it\/wp-content\/uploads\/2020\/11\/botte.jpg&#8221; title_text=&#8221;botte&#8221; _builder_version=&#8221;4.16&#8243; _module_preset=&#8221;default&#8221; global_colors_info=&#8221;{}&#8221; theme_builder_area=&#8221;post_content&#8221;][\/et_pb_image][et_pb_text _builder_version=&#8221;4.25.0&#8243; _module_preset=&#8221;default&#8221; header_3_font_size=&#8221;2.6em&#8221; header_4_font_size=&#8221;2em&#8221; text_orientation=&#8221;justified&#8221; header_3_font_size_tablet=&#8221;2.2em&#8221; header_3_font_size_phone=&#8221;2em&#8221; header_3_font_size_last_edited=&#8221;on|phone&#8221; header_4_font_size_tablet=&#8221;1.6em&#8221; header_4_font_size_phone=&#8221;1.4em&#8221; header_4_font_size_last_edited=&#8221;on|phone&#8221; global_colors_info=&#8221;{}&#8221; theme_builder_area=&#8221;post_content&#8221;]<\/p>\n<h4>Aperitivo buffet<\/h4>\n<p>Una caratteristica che contraddistingue Bottega \u00e8 l\u2019organizzazione e la struttura a isole del buffet per il momento aperitivo. <br \/>Una disposizione imperiale permette al personale di cucinare al momento e di interagire al meglio con l\u2019ospite. Questo consente inoltre di mantenere ordinato il buffet evitando la creazione di file di persone. La disposizione dei buffet viene ideata in base alla struttura e spazi della location per una migliore fruibilit\u00e0 del servizio.<\/p>\n<p>[\/et_pb_text][\/et_pb_column][\/et_pb_row][et_pb_row use_custom_gutter=&#8221;on&#8221; gutter_width=&#8221;2&#8243; custom_padding_last_edited=&#8221;on|phone&#8221; _builder_version=&#8221;4.16&#8243; _module_preset=&#8221;default&#8221; background_color=&#8221;#ffffff&#8221; width=&#8221;100%&#8221; width_tablet=&#8221;100%&#8221; width_phone=&#8221;&#8221; width_last_edited=&#8221;on|phone&#8221; custom_padding=&#8221;7%|5%|7%|5%|true|true&#8221; custom_padding_tablet=&#8221;7%|5%|7%|5%|true|true&#8221; custom_padding_phone=&#8221;|5%||5%|true|true&#8221; global_colors_info=&#8221;{}&#8221; theme_builder_area=&#8221;post_content&#8221;][et_pb_column type=&#8221;4_4&#8243; _builder_version=&#8221;4.16&#8243; _module_preset=&#8221;default&#8221; global_colors_info=&#8221;{}&#8221; theme_builder_area=&#8221;post_content&#8221;][et_pb_text _builder_version=&#8221;4.16&#8243; _module_preset=&#8221;default&#8221; header_4_font_size=&#8221;2em&#8221; text_orientation=&#8221;justified&#8221; header_4_font_size_tablet=&#8221;1.6em&#8221; header_4_font_size_phone=&#8221;1.4em&#8221; header_4_font_size_last_edited=&#8221;on|phone&#8221; text_orientation_tablet=&#8221;justified&#8221; text_orientation_phone=&#8221;&#8221; text_orientation_last_edited=&#8221;on|phone&#8221; global_colors_info=&#8221;{}&#8221; theme_builder_area=&#8221;post_content&#8221;]<\/p>\n<h4>Location per matrimoni<\/h4>\n<p><span>La scelta della location \u00e8 il primo passo. E per trovare quella giusta \u00e8 importante affidarsi a persone del mestiere.\u00a0<\/span><\/p>\n<p>[\/et_pb_text][et_pb_blog fullwidth=&#8221;off&#8221; posts_number=&#8221;3&#8243; include_categories=&#8221;47&#8243; use_manual_excerpt=&#8221;off&#8221; show_author=&#8221;off&#8221; show_date=&#8221;off&#8221; show_categories=&#8221;off&#8221; show_excerpt=&#8221;off&#8221; show_pagination=&#8221;off&#8221; _builder_version=&#8221;4.16&#8243; _module_preset=&#8221;default&#8221; custom_css_title=&#8221;min-height:45px;&#8221; border_width_all=&#8221;6px&#8221; border_color_all=&#8221;#ffffff&#8221; box_shadow_style=&#8221;preset1&#8243; box_shadow_color=&#8221;rgba(0,0,0,0.12)&#8221; locked=&#8221;off&#8221; global_colors_info=&#8221;{}&#8221; box_shadow_color__hover_enabled=&#8221;on|hover&#8221; box_shadow_color__hover=&#8221;rgba(0,0,0,0.31)&#8221; theme_builder_area=&#8221;post_content&#8221;][\/et_pb_blog][et_pb_button button_url=&#8221;https:\/\/www.bottegagastronomica.it\/location\/&#8221; button_text=&#8221;Vedi tutte le location&#8221; _builder_version=&#8221;4.16&#8243; _module_preset=&#8221;default&#8221; global_colors_info=&#8221;{}&#8221; theme_builder_area=&#8221;post_content&#8221;][\/et_pb_button][\/et_pb_column][\/et_pb_row][\/et_pb_section]<\/p>\n","protected":false},"excerpt":{"rendered":"<p>CATERING PER RICEVIMENTI40 anni di esperienza Bottega Gastronomica \u00e8 un catering di Reggio Emilia che apre le porte alla \u201cristorazione mobile\u201d\u00a0su tutto il territorio Reggiano. Siamo specializzati in catering per matrimoni, feste ed eventi aziendali.Cucina Tradizionale Fondiamo il nostro credo sul rispetto della tradizione, sulla cultura culinaria che ci caratterizza e sulla qualit\u00e0 delle materie [&hellip;]<\/p>\n","protected":false},"author":1,"featured_media":0,"parent":0,"menu_order":0,"comment_status":"closed","ping_status":"closed","template":"","meta":{"_et_pb_use_builder":"on","_et_pb_old_content":"","_et_gb_content_width":"","wp_mapbox_gl_js_media":[],"footnotes":""},"class_list":["post-74166","page","type-page","status-publish","hentry"],"_links":{"self":[{"href":"https:\/\/www.bottegagastronomica.it\/en\/wp-json\/wp\/v2\/pages\/74166","targetHints":{"allow":["GET"]}}],"collection":[{"href":"https:\/\/www.bottegagastronomica.it\/en\/wp-json\/wp\/v2\/pages"}],"about":[{"href":"https:\/\/www.bottegagastronomica.it\/en\/wp-json\/wp\/v2\/types\/page"}],"author":[{"embeddable":true,"href":"https:\/\/www.bottegagastronomica.it\/en\/wp-json\/wp\/v2\/users\/1"}],"replies":[{"embeddable":true,"href":"https:\/\/www.bottegagastronomica.it\/en\/wp-json\/wp\/v2\/comments?post=74166"}],"version-history":[{"count":28,"href":"https:\/\/www.bottegagastronomica.it\/en\/wp-json\/wp\/v2\/pages\/74166\/revisions"}],"predecessor-version":[{"id":76380,"href":"https:\/\/www.bottegagastronomica.it\/en\/wp-json\/wp\/v2\/pages\/74166\/revisions\/76380"}],"wp:attachment":[{"href":"https:\/\/www.bottegagastronomica.it\/en\/wp-json\/wp\/v2\/media?parent=74166"}],"curies":[{"name":"wp","href":"https:\/\/api.w.org\/{rel}","templated":true}]}}